{"id":44,"date":"2021-02-20T15:46:46","date_gmt":"2021-02-20T14:46:46","guid":{"rendered":"http:\/\/lovacky.sk\/?page_id=44"},"modified":"2021-02-21T10:38:21","modified_gmt":"2021-02-21T09:38:21","slug":"index","status":"publish","type":"page","link":"https:\/\/lovacky.sk\/","title":{"rendered":"Domov"},"content":{"rendered":"\t\t<div data-elementor-type=\"wp-page\" data-elementor-id=\"44\" class=\"elementor elementor-44\">\n\t\t\t\t\t\t\t\t\t<section class=\"elementor-section elementor-top-section elementor-element elementor-element-d181566 elementor-section-boxed elementor-section-height-default elementor-section-height-default\" data-id=\"d181566\" data-element_type=\"section\">\n\t\t\t\t\t\t<div class=\"elementor-container elementor-column-gap-default\">\n\t\t\t\t\t<div class=\"elementor-column elementor-col-33 elementor-top-column elementor-element elementor-element-cf53d7a\" data-id=\"cf53d7a\" data-element_type=\"column\">\n\t\t\t<div class=\"elementor-widget-wrap elementor-element-populated\">\n\t\t\t\t\t\t\t\t<div class=\"elementor-element elementor-element-f4f8f7c elementor-widget elementor-widget-heading\" data-id=\"f4f8f7c\" data-element_type=\"widget\" data-widget_type=\"heading.default\">\n\t\t\t\t<div class=\"elementor-widget-container\">\n\t\t\t<h2 class=\"elementor-heading-title elementor-size-default\">VODA<\/h2>\t\t<\/div>\n\t\t\t\t<\/div>\n\t\t\t\t<div class=\"elementor-element elementor-element-83f7998 elementor-view-default elementor-widget elementor-widget-icon\" data-id=\"83f7998\" data-element_type=\"widget\" data-widget_type=\"icon.default\">\n\t\t\t\t<div class=\"elementor-widget-container\">\n\t\t\t\t\t<div class=\"elementor-icon-wrapper\">\n\t\t\t<div class=\"elementor-icon elementor-animation-grow-rotate\">\n\t\t\t<svg xmlns=\"http:\/\/www.w3.org\/2000\/svg\" xmlns:xlink=\"http:\/\/www.w3.org\/1999\/xlink\" id=\"Capa_1\" x=\"0px\" y=\"0px\" viewBox=\"0 0 512 512\" style=\"enable-background:new 0 0 512 512;\" xml:space=\"preserve\">\n<g>\n\t<g>\n\t\t<path d=\"M15,91c-8.284,0-15,6.716-15,15v301c0,8.284,6.716,15,15,15c24.853,0,45-20.147,45-45V136C60,111.147,39.853,91,15,91z\"><\/path>\n\t<\/g>\n<\/g>\n<g>\n\t<g>\n\t\t<path d=\"M392,362v30c0,8.284,6.716,15,15,15h90c8.284,0,15-6.716,15-15v-30H392z\"><\/path>\n\t<\/g>\n<\/g>\n<g>\n\t<g>\n\t\t<path d=\"M392,197h-69.357c-9.911-11.003-22.405-19.427-36.643-24.489V90h41.206c3.001,1.957,13.226,15,33.794,15    c24.814,0,45-20.186,45-45c0-24.814-20.186-45-45-45c-20.592,0-30.787,13.039-33.794,15h-39.36l-3.545-9.99    C280.053,8.042,268.686,0,256,0c-12.686,0-24.053,8.042-28.301,20.01L224.154,30h-39.36c-3.001-1.957-13.226-15-33.794-15    c-24.814,0-45,20.186-45,45c0,24.814,20.186,45,45,45c20.592,0,30.787-13.039,33.794-15H226v82.511    c-14.238,5.061-26.732,13.486-36.643,24.489H90v120h99.086h0.271c16.474,18.287,40.093,30,66.643,30s50.169-11.713,66.643-30    h0.271H362c10.984,0,20.176,6.194,25.402,15H512v-15C512,250.725,458.275,197,392,197z\"><\/path>\n\t<\/g>\n<\/g>\n<g>\n\t<g>\n\t\t<path d=\"M479.671,470.398l-14.678-25.679c-2.666-4.673-7.632-7.559-13.008-7.559h-0.015c-5.376,0-10.327,2.871-13.008,7.529    l-14.678,25.781C422.776,474.163,422,478.045,422,482c0,16.538,13.462,30,30,30c16.538,0,30-13.462,30-30    C482,478.241,481.537,473.664,479.671,470.398z\"><\/path>\n\t<\/g>\n<\/g>\n<g>\n<\/g>\n<g>\n<\/g>\n<g>\n<\/g>\n<g>\n<\/g>\n<g>\n<\/g>\n<g>\n<\/g>\n<g>\n<\/g>\n<g>\n<\/g>\n<g>\n<\/g>\n<g>\n<\/g>\n<g>\n<\/g>\n<g>\n<\/g>\n<g>\n<\/g>\n<g>\n<\/g>\n<g>\n<\/g>\n<\/svg>\t\t\t<\/div>\n\t\t<\/div>\n\t\t\t\t<\/div>\n\t\t\t\t<\/div>\n\t\t\t\t<div class=\"elementor-element elementor-element-203f1ca elementor-widget elementor-widget-text-editor\" data-id=\"203f1ca\" data-element_type=\"widget\" data-widget_type=\"text-editor.default\">\n\t\t\t\t<div class=\"elementor-widget-container\">\n\t\t\t\t\t\t\t<p>Dod\u00e1vka a mont\u00e1\u017e vodovodnej in\u0161tal\u00e1cie<\/p><p>Rozvody vonkaj\u0161ej a vn\u00fatornej kanaliz\u00e1cie<\/p><p>Domy, byty a priemyseln\u00e9 budovy<\/p><p>\u00a0<\/p><p>\u00a0<\/p>\t\t\t\t\t\t<\/div>\n\t\t\t\t<\/div>\n\t\t\t\t<div class=\"elementor-element elementor-element-567f585 elementor-align-center elementor-absolute elementor-widget elementor-widget-button\" data-id=\"567f585\" data-element_type=\"widget\" data-settings=\"{&quot;_position&quot;:&quot;absolute&quot;}\" data-widget_type=\"button.default\">\n\t\t\t\t<div class=\"elementor-widget-container\">\n\t\t\t\t\t<div class=\"elementor-button-wrapper\">\n\t\t\t<a href=\"http:\/\/lovacky.sk\/?page_id=35\" class=\"elementor-button-link elementor-button elementor-size-sm\" role=\"button\">\n\t\t\t\t\t\t<span class=\"elementor-button-content-wrapper\">\n\t\t\t\t\t\t<span class=\"elementor-button-text\">VIAC INFO<\/span>\n\t\t<\/span>\n\t\t\t\t\t<\/a>\n\t\t<\/div>\n\t\t\t\t<\/div>\n\t\t\t\t<\/div>\n\t\t\t\t\t<\/div>\n\t\t<\/div>\n\t\t\t\t<div class=\"elementor-column elementor-col-33 elementor-top-column elementor-element elementor-element-ab30eb6\" data-id=\"ab30eb6\" data-element_type=\"column\">\n\t\t\t<div class=\"elementor-widget-wrap elementor-element-populated\">\n\t\t\t\t\t\t\t\t<div class=\"elementor-element elementor-element-5e15a62 elementor-widget elementor-widget-heading\" data-id=\"5e15a62\" data-element_type=\"widget\" data-widget_type=\"heading.default\">\n\t\t\t\t<div class=\"elementor-widget-container\">\n\t\t\t<h2 class=\"elementor-heading-title elementor-size-default\">PLYN<\/h2>\t\t<\/div>\n\t\t\t\t<\/div>\n\t\t\t\t<div class=\"elementor-element elementor-element-b3eea51 elementor-view-default elementor-widget elementor-widget-icon\" data-id=\"b3eea51\" data-element_type=\"widget\" data-widget_type=\"icon.default\">\n\t\t\t\t<div class=\"elementor-widget-container\">\n\t\t\t\t\t<div class=\"elementor-icon-wrapper\">\n\t\t\t<div class=\"elementor-icon elementor-animation-grow-rotate\">\n\t\t\t<svg xmlns=\"http:\/\/www.w3.org\/2000\/svg\" height=\"512\" viewBox=\"0 0 192 192\" width=\"512\"><path d=\"m136 152v24h-32v-24h-16v24h-32v-24h-16v32a8 8 0 0 0 8 8h96a8 8 0 0 0 8-8v-32z\"><\/path><path d=\"m96 136c35.888 0 60-20.9 60-52 0-12.982-8.408-34.544-17.994-46.144a4 4 0 0 0 -4.889-1.022l-18.788 9.5-14.529-43.599a4 4 0 0 0 -7.472-.311l-22.146 51.665-16.159-10.335a4 4 0 0 0 -5.4 1.032c-7.223 10.026-12.623 28.972-12.623 39.214 0 31.1 24.112 52 60 52zm0-72s24 26.745 24 40a24 24 0 0 1 -48 0c0-13.255 24-40 24-40z\"><\/path><\/svg>\t\t\t<\/div>\n\t\t<\/div>\n\t\t\t\t<\/div>\n\t\t\t\t<\/div>\n\t\t\t\t<div class=\"elementor-element elementor-element-ab9a01b elementor-widget elementor-widget-text-editor\" data-id=\"ab9a01b\" data-element_type=\"widget\" data-widget_type=\"text-editor.default\">\n\t\t\t\t<div class=\"elementor-widget-container\">\n\t\t\t\t\t\t\t<p>Mont\u00e1\u017e n\u00edzkotlak\u00fdch a stredotlak\u00fdch rozvodov\u00a0 plynu<\/p><p>Realiz\u00e1cia plynov\u00fdch pr\u00edpojok<\/p><p>Zhotovenie distribu\u010dn\u00fdch siet\u00ed plynovodu<\/p><p>Vyhotovenie rev\u00edznych spr\u00e1v a tlakov\u00fdch sk\u00fa\u0161ok plynovodu<\/p><p>\u00a0<\/p>\t\t\t\t\t\t<\/div>\n\t\t\t\t<\/div>\n\t\t\t\t<div class=\"elementor-element elementor-element-d2aa7ca elementor-align-center elementor-absolute elementor-widget elementor-widget-button\" data-id=\"d2aa7ca\" data-element_type=\"widget\" data-settings=\"{&quot;_position&quot;:&quot;absolute&quot;}\" data-widget_type=\"button.default\">\n\t\t\t\t<div class=\"elementor-widget-container\">\n\t\t\t\t\t<div class=\"elementor-button-wrapper\">\n\t\t\t<a href=\"http:\/\/lovacky.sk\/?page_id=37\" class=\"elementor-button-link elementor-button elementor-size-sm\" role=\"button\">\n\t\t\t\t\t\t<span class=\"elementor-button-content-wrapper\">\n\t\t\t\t\t\t<span class=\"elementor-button-text\">VIAC INFO<\/span>\n\t\t<\/span>\n\t\t\t\t\t<\/a>\n\t\t<\/div>\n\t\t\t\t<\/div>\n\t\t\t\t<\/div>\n\t\t\t\t\t<\/div>\n\t\t<\/div>\n\t\t\t\t<div class=\"elementor-column elementor-col-33 elementor-top-column elementor-element elementor-element-ecbedd1\" data-id=\"ecbedd1\" data-element_type=\"column\">\n\t\t\t<div class=\"elementor-widget-wrap elementor-element-populated\">\n\t\t\t\t\t\t\t\t<div class=\"elementor-element elementor-element-d0395af elementor-widget elementor-widget-heading\" data-id=\"d0395af\" data-element_type=\"widget\" data-widget_type=\"heading.default\">\n\t\t\t\t<div class=\"elementor-widget-container\">\n\t\t\t<h2 class=\"elementor-heading-title elementor-size-default\">K\u00daRENIE<\/h2>\t\t<\/div>\n\t\t\t\t<\/div>\n\t\t\t\t<div class=\"elementor-element elementor-element-c6d08e6 elementor-view-default elementor-widget elementor-widget-icon\" data-id=\"c6d08e6\" data-element_type=\"widget\" data-widget_type=\"icon.default\">\n\t\t\t\t<div class=\"elementor-widget-container\">\n\t\t\t\t\t<div class=\"elementor-icon-wrapper\">\n\t\t\t<div class=\"elementor-icon elementor-animation-grow-rotate\">\n\t\t\t<svg xmlns=\"http:\/\/www.w3.org\/2000\/svg\" xmlns:xlink=\"http:\/\/www.w3.org\/1999\/xlink\" id=\"Capa_1\" x=\"0px\" y=\"0px\" width=\"270.873px\" height=\"270.873px\" viewBox=\"0 0 270.873 270.873\" style=\"enable-background:new 0 0 270.873 270.873;\" xml:space=\"preserve\">\n<g>\n\t<g>\n\t\t<path d=\"M51.302,60.061c-1.879,2.168-1.643,5.454,0.526,7.335c0.982,0.853,2.194,1.27,3.399,1.27c1.455,0,2.907-0.609,3.931-1.792    c0.807-0.932,19.563-22.968,5.342-40.867c-7.889-9.931-2.059-15.704-0.792-16.78c2.207-1.793,2.564-5.038,0.787-7.27    c-1.79-2.244-5.06-2.61-7.307-0.825c-5.449,4.342-12.642,16.479-0.833,31.344C65.21,43.613,51.437,59.903,51.302,60.061z\"><\/path>\n\t\t<path d=\"M96.801,60.061c-1.879,2.168-1.643,5.454,0.525,7.335c0.982,0.853,2.194,1.27,3.4,1.27c1.455,0,2.907-0.609,3.93-1.792    c0.808-0.932,19.563-22.968,5.342-40.867c-7.889-9.931-2.059-15.704-0.792-16.78c2.207-1.793,2.564-5.038,0.787-7.27    c-1.79-2.244-5.06-2.61-7.307-0.825c-5.449,4.342-12.642,16.479-0.833,31.344C110.709,43.613,96.935,59.903,96.801,60.061z\"><\/path>\n\t\t<path d=\"M142.299,60.061c-1.879,2.168-1.643,5.454,0.526,7.335c0.982,0.853,2.196,1.27,3.399,1.27c1.457,0,2.91-0.609,3.931-1.792    c0.807-0.932,19.565-22.968,5.342-40.867c-7.886-9.931-2.057-15.704-0.792-16.78c2.209-1.793,2.564-5.038,0.787-7.27    c-1.788-2.244-5.058-2.61-7.308-0.825c-5.448,4.342-12.642,16.479-0.833,31.344C156.208,43.613,142.434,59.903,142.299,60.061z\"><\/path>\n\t\t<path d=\"M187.798,60.061c-1.879,2.168-1.646,5.454,0.528,7.335c0.98,0.853,2.193,1.27,3.397,1.27c1.457,0,2.909-0.609,3.93-1.792    c0.808-0.932,19.565-22.968,5.343-40.867c-7.887-9.931-2.057-15.704-0.793-16.78c2.209-1.793,2.564-5.038,0.787-7.27    c-1.787-2.244-5.058-2.61-7.307-0.825c-5.449,4.342-12.64,16.479-0.833,31.344C201.707,43.613,187.93,59.903,187.798,60.061z\"><\/path>\n\t\t<path d=\"M39.023,270.873c8.617,0,15.6-6.982,15.6-15.6V103.379c0-8.615-6.982-15.6-15.6-15.6c-8.615,0-15.6,6.984-15.6,15.6    v151.895C23.424,263.886,30.409,270.873,39.023,270.873z\"><\/path>\n\t\t<path d=\"M58.955,103.155V255.05c0,8.618,6.985,15.6,15.599,15.6c8.618,0,15.6-6.981,15.6-15.6V103.155    c0-8.615-6.982-15.6-15.6-15.6C65.939,87.556,58.955,94.54,58.955,103.155z\"><\/path>\n\t\t<path d=\"M110.09,270.426c8.617,0,15.6-6.981,15.6-15.599V102.932c0-8.615-6.982-15.6-15.6-15.6c-8.615,0-15.6,6.985-15.6,15.6    v151.896C94.49,263.439,101.475,270.426,110.09,270.426z\"><\/path>\n\t\t<path d=\"M145.62,270.203c8.617,0,15.6-6.982,15.6-15.6V102.708c0-8.614-6.982-15.599-15.6-15.599c-8.615,0-15.6,6.985-15.6,15.599    v151.896C130.021,263.221,137.005,270.203,145.62,270.203z\"><\/path>\n\t\t<path d=\"M181.156,269.979c8.617,0,15.6-6.982,15.6-15.6V102.485c0-8.615-6.982-15.6-15.6-15.6c-8.612,0-15.6,6.985-15.6,15.6    V254.38C165.557,262.997,172.544,269.979,181.156,269.979z\"><\/path>\n\t\t<path d=\"M201.087,102.262v151.895c0,8.617,6.982,15.6,15.6,15.6s15.6-6.982,15.6-15.6V152.932h2.382    c7.059,0,12.781-8.922,12.781-19.933c0-11.009-5.723-19.931-12.781-19.931c-0.812,0-1.605,0-2.382,0v-10.806    c0-8.615-6.982-15.6-15.6-15.6S201.087,93.652,201.087,102.262z\"><\/path>\n\t<\/g>\n<\/g>\n<g>\n<\/g>\n<g>\n<\/g>\n<g>\n<\/g>\n<g>\n<\/g>\n<g>\n<\/g>\n<g>\n<\/g>\n<g>\n<\/g>\n<g>\n<\/g>\n<g>\n<\/g>\n<g>\n<\/g>\n<g>\n<\/g>\n<g>\n<\/g>\n<g>\n<\/g>\n<g>\n<\/g>\n<g>\n<\/g>\n<\/svg>\t\t\t<\/div>\n\t\t<\/div>\n\t\t\t\t<\/div>\n\t\t\t\t<\/div>\n\t\t\t\t<div class=\"elementor-element elementor-element-bb33d26 elementor-widget elementor-widget-text-editor\" data-id=\"bb33d26\" data-element_type=\"widget\" data-widget_type=\"text-editor.default\">\n\t\t\t\t<div class=\"elementor-widget-container\">\n\t\t\t\t\t\t\t<p>Dod\u00e1vka a mont\u00e1\u017e r\u00f4znych druhov vykurovac\u00edch syst\u00e9mov<\/p><p>Predaj, mont\u00e1\u017e a servis plynov\u00fdch kotlov a tepeln\u00fdch \u010derpadiel<\/p><p>Predaj a mont\u00e1\u017e kotlov na tuh\u00e9 paliv\u00e1<\/p><p>\u00a0<\/p>\t\t\t\t\t\t<\/div>\n\t\t\t\t<\/div>\n\t\t\t\t<div class=\"elementor-element elementor-element-4bf6919 elementor-align-center elementor-absolute elementor-widget elementor-widget-button\" data-id=\"4bf6919\" data-element_type=\"widget\" data-settings=\"{&quot;_position&quot;:&quot;absolute&quot;}\" data-widget_type=\"button.default\">\n\t\t\t\t<div class=\"elementor-widget-container\">\n\t\t\t\t\t<div class=\"elementor-button-wrapper\">\n\t\t\t<a href=\"http:\/\/lovacky.sk\/?page_id=211\" class=\"elementor-button-link elementor-button elementor-size-sm\" role=\"button\">\n\t\t\t\t\t\t<span class=\"elementor-button-content-wrapper\">\n\t\t\t\t\t\t<span class=\"elementor-button-text\">VIAC INFO<\/span>\n\t\t<\/span>\n\t\t\t\t\t<\/a>\n\t\t<\/div>\n\t\t\t\t<\/div>\n\t\t\t\t<\/div>\n\t\t\t\t\t<\/div>\n\t\t<\/div>\n\t\t\t\t\t\t\t<\/div>\n\t\t<\/section>\n\t\t\t\t<section class=\"elementor-section elementor-top-section elementor-element elementor-element-a74752d elementor-section-boxed elementor-section-height-default elementor-section-height-default\" data-id=\"a74752d\" data-element_type=\"section\">\n\t\t\t\t\t\t<div class=\"elementor-container elementor-column-gap-default\">\n\t\t\t\t\t<div class=\"elementor-column elementor-col-100 elementor-top-column elementor-element elementor-element-89f29da\" data-id=\"89f29da\" data-element_type=\"column\">\n\t\t\t<div class=\"elementor-widget-wrap elementor-element-populated\">\n\t\t\t\t\t\t\t\t<div class=\"elementor-element elementor-element-8963bb4 elementor-view-default elementor-mobile-position-top elementor-vertical-align-top elementor-widget elementor-widget-icon-box\" data-id=\"8963bb4\" data-element_type=\"widget\" data-widget_type=\"icon-box.default\">\n\t\t\t\t<div class=\"elementor-widget-container\">\n\t\t\t\t\t<div class=\"elementor-icon-box-wrapper\">\n\t\t\t\t\t\t<div class=\"elementor-icon-box-icon\">\n\t\t\t\t<span class=\"elementor-icon elementor-animation-\" >\n\t\t\t\t<i aria-hidden=\"true\" class=\"fas fa-location-arrow\"><\/i>\t\t\t\t<\/span>\n\t\t\t<\/div>\n\t\t\t\t\t\t<div class=\"elementor-icon-box-content\">\n\t\t\t\t<h3 class=\"elementor-icon-box-title\">\n\t\t\t\t\t<span  >\n\t\t\t\t\t\tKo\u0161ick\u00fd a Pre\u0161ovsk\u00fd kraj\t\t\t\t\t<\/span>\n\t\t\t\t<\/h3>\n\t\t\t\t\t\t\t\t\t<p class=\"elementor-icon-box-description\">\n\t\t\t\t\t\tNa\u0161a spolo\u010dnos\u0165 poskytuje slu\u017eby najm\u00e4 v Ko\u0161ickom a Pre\u0161ovskom kraji. Realiz\u00e1cia po dohode mo\u017en\u00e1 aj v in\u00fdch regi\u00f3noch\t\t\t\t\t<\/p>\n\t\t\t\t\t\t\t<\/div>\n\t\t<\/div>\n\t\t\t\t<\/div>\n\t\t\t\t<\/div>\n\t\t\t\t\t<\/div>\n\t\t<\/div>\n\t\t\t\t\t\t\t<\/div>\n\t\t<\/section>\n\t\t\t\t<section class=\"elementor-section elementor-top-section elementor-element elementor-element-15b98e8 elementor-section-boxed elementor-section-height-default elementor-section-height-default\" data-id=\"15b98e8\" data-element_type=\"section\">\n\t\t\t\t\t\t<div class=\"elementor-container elementor-column-gap-default\">\n\t\t\t\t\t<div class=\"elementor-column elementor-col-100 elementor-top-column elementor-element elementor-element-f979d0f\" data-id=\"f979d0f\" data-element_type=\"column\">\n\t\t\t<div class=\"elementor-widget-wrap elementor-element-populated\">\n\t\t\t\t\t\t\t\t<div class=\"elementor-element elementor-element-6b1c0ea elementor-view-default elementor-mobile-position-top elementor-vertical-align-top elementor-widget elementor-widget-icon-box\" data-id=\"6b1c0ea\" data-element_type=\"widget\" data-widget_type=\"icon-box.default\">\n\t\t\t\t<div class=\"elementor-widget-container\">\n\t\t\t\t\t<div class=\"elementor-icon-box-wrapper\">\n\t\t\t\t\t\t<div class=\"elementor-icon-box-icon\">\n\t\t\t\t<span class=\"elementor-icon elementor-animation-\" >\n\t\t\t\t<i aria-hidden=\"true\" class=\"fas fa-info\"><\/i>\t\t\t\t<\/span>\n\t\t\t<\/div>\n\t\t\t\t\t\t<div class=\"elementor-icon-box-content\">\n\t\t\t\t<h3 class=\"elementor-icon-box-title\">\n\t\t\t\t\t<span  >\n\t\t\t\t\t\tOdborn\u00e9 poradenstvo a konzult\u00e1cie\t\t\t\t\t<\/span>\n\t\t\t\t<\/h3>\n\t\t\t\t\t\t\t\t\t<p class=\"elementor-icon-box-description\">\n\t\t\t\t\t\tV r\u00e1mci na\u0161ich slu\u017eieb V\u00e1m radi poskytneme odborn\u00e9 poradenstvo v oblasti n\u00e1\u0161ho zamerania\t\t\t\t\t<\/p>\n\t\t\t\t\t\t\t<\/div>\n\t\t<\/div>\n\t\t\t\t<\/div>\n\t\t\t\t<\/div>\n\t\t\t\t\t<\/div>\n\t\t<\/div>\n\t\t\t\t\t\t\t<\/div>\n\t\t<\/section>\n\t\t\t\t<section class=\"elementor-section elementor-top-section elementor-element elementor-element-718b24f elementor-section-boxed elementor-section-height-default elementor-section-height-default\" data-id=\"718b24f\" data-element_type=\"section\">\n\t\t\t\t\t\t<div class=\"elementor-container elementor-column-gap-default\">\n\t\t\t\t\t<div class=\"elementor-column elementor-col-100 elementor-top-column elementor-element elementor-element-7cbbfcc\" data-id=\"7cbbfcc\" data-element_type=\"column\">\n\t\t\t<div class=\"elementor-widget-wrap\">\n\t\t\t\t\t\t\t\t\t<\/div>\n\t\t<\/div>\n\t\t\t\t\t\t\t<\/div>\n\t\t<\/section>\n\t\t\t\t\t\t\t<\/div>\n\t\t","protected":false},"excerpt":{"rendered":"<p>VODA Dod\u00e1vka a mont\u00e1\u017e vodovodnej in\u0161tal\u00e1cie Rozvody vonkaj\u0161ej a vn\u00fatornej kanaliz\u00e1cie Domy, byty a priemyseln\u00e9 budovy VIAC INFO PLYN Mont\u00e1\u017e n\u00edzkotlak\u00fdch a stredotlak\u00fdch rozvodov&nbsp; plynu Realiz\u00e1cia plynov\u00fdch pr\u00edpojok Zhotovenie distribu\u010dn\u00fdch siet\u00ed plynovodu Vyhotovenie rev\u00edznych spr\u00e1v a tlakov\u00fdch sk\u00fa\u0161ok plynovodu VIAC<\/p>\n","protected":false},"author":1,"featured_media":0,"parent":0,"menu_order":0,"comment_status":"closed","ping_status":"closed","template":"","meta":{"_monsterinsights_skip_tracking":false,"_monsterinsights_sitenote_active":false,"_monsterinsights_sitenote_note":"","_monsterinsights_sitenote_category":0},"yoast_head":"<!-- This site is optimized with the Yoast SEO plugin v19.4 - https:\/\/yoast.com\/wordpress\/plugins\/seo\/ -->\n<title>vodar kosice, plynar kosice, kurenar kosice, voda, plyn, plynove pripojky<\/title>\n<meta name=\"description\" content=\"Voda, plyn, kurenie, kosice, presov\" \/>\n<meta name=\"robots\" content=\"index, follow, max-snippet:-1, max-image-preview:large, max-video-preview:-1\" \/>\n<link rel=\"canonical\" href=\"https:\/\/lovacky.sk\/\" \/>\n<meta property=\"og:locale\" content=\"sk_SK\" \/>\n<meta property=\"og:type\" content=\"article\" \/>\n<meta property=\"og:title\" content=\"vodar kosice, plynar kosice, kurenar kosice, voda, plyn, plynove pripojky\" \/>\n<meta property=\"og:description\" content=\"Voda, plyn, kurenie, kosice, presov\" \/>\n<meta property=\"og:url\" content=\"https:\/\/lovacky.sk\/\" \/>\n<meta property=\"og:site_name\" content=\"lovacky.sk\" \/>\n<meta property=\"article:modified_time\" content=\"2021-02-21T09:38:21+00:00\" \/>\n<meta name=\"twitter:card\" content=\"summary_large_image\" \/>\n<meta name=\"twitter:label1\" content=\"Predpokladan\u00fd \u010das \u010d\u00edtania\" \/>\n\t<meta name=\"twitter:data1\" content=\"1 min\u00fata\" \/>\n<script type=\"application\/ld+json\" class=\"yoast-schema-graph\">{\"@context\":\"https:\/\/schema.org\",\"@graph\":[{\"@type\":\"Organization\",\"@id\":\"https:\/\/lovacky.sk\/#organization\",\"name\":\"lovacky.sk\",\"url\":\"https:\/\/lovacky.sk\/\",\"sameAs\":[],\"logo\":{\"@type\":\"ImageObject\",\"inLanguage\":\"sk-SK\",\"@id\":\"https:\/\/lovacky.sk\/#\/schema\/logo\/image\/\",\"url\":\"https:\/\/lovacky.sk\/wp-content\/uploads\/2021\/02\/cropped-lovacky_logo-e1613837816496.png\",\"contentUrl\":\"https:\/\/lovacky.sk\/wp-content\/uploads\/2021\/02\/cropped-lovacky_logo-e1613837816496.png\",\"width\":256,\"height\":100,\"caption\":\"lovacky.sk\"},\"image\":{\"@id\":\"https:\/\/lovacky.sk\/#\/schema\/logo\/image\/\"}},{\"@type\":\"WebSite\",\"@id\":\"https:\/\/lovacky.sk\/#website\",\"url\":\"https:\/\/lovacky.sk\/\",\"name\":\"lovacky.sk\",\"description\":\"Voda, Plyn, Kurenie\",\"publisher\":{\"@id\":\"https:\/\/lovacky.sk\/#organization\"},\"potentialAction\":[{\"@type\":\"SearchAction\",\"target\":{\"@type\":\"EntryPoint\",\"urlTemplate\":\"https:\/\/lovacky.sk\/?s={search_term_string}\"},\"query-input\":\"required name=search_term_string\"}],\"inLanguage\":\"sk-SK\"},{\"@type\":\"WebPage\",\"@id\":\"https:\/\/lovacky.sk\/\",\"url\":\"https:\/\/lovacky.sk\/\",\"name\":\"vodar kosice, plynar kosice, kurenar kosice, voda, plyn, plynove pripojky\",\"isPartOf\":{\"@id\":\"https:\/\/lovacky.sk\/#website\"},\"datePublished\":\"2021-02-20T14:46:46+00:00\",\"dateModified\":\"2021-02-21T09:38:21+00:00\",\"description\":\"Voda, plyn, kurenie, kosice, presov\",\"breadcrumb\":{\"@id\":\"https:\/\/lovacky.sk\/#breadcrumb\"},\"inLanguage\":\"sk-SK\",\"potentialAction\":[{\"@type\":\"ReadAction\",\"target\":[\"https:\/\/lovacky.sk\/\"]}]},{\"@type\":\"BreadcrumbList\",\"@id\":\"https:\/\/lovacky.sk\/#breadcrumb\",\"itemListElement\":[{\"@type\":\"ListItem\",\"position\":1,\"name\":\"Home\",\"item\":\"https:\/\/lovacky.sk\/\"},{\"@type\":\"ListItem\",\"position\":2,\"name\":\"Domov\"}]}]}<\/script>\n<!-- \/ Yoast SEO plugin. -->","yoast_head_json":{"title":"vodar kosice, plynar kosice, kurenar kosice, voda, plyn, plynove pripojky","description":"Voda, plyn, kurenie, kosice, presov","robots":{"index":"index","follow":"follow","max-snippet":"max-snippet:-1","max-image-preview":"max-image-preview:large","max-video-preview":"max-video-preview:-1"},"canonical":"https:\/\/lovacky.sk\/","og_locale":"sk_SK","og_type":"article","og_title":"vodar kosice, plynar kosice, kurenar kosice, voda, plyn, plynove pripojky","og_description":"Voda, plyn, kurenie, kosice, presov","og_url":"https:\/\/lovacky.sk\/","og_site_name":"lovacky.sk","article_modified_time":"2021-02-21T09:38:21+00:00","twitter_card":"summary_large_image","twitter_misc":{"Predpokladan\u00fd \u010das \u010d\u00edtania":"1 min\u00fata"},"schema":{"@context":"https:\/\/schema.org","@graph":[{"@type":"Organization","@id":"https:\/\/lovacky.sk\/#organization","name":"lovacky.sk","url":"https:\/\/lovacky.sk\/","sameAs":[],"logo":{"@type":"ImageObject","inLanguage":"sk-SK","@id":"https:\/\/lovacky.sk\/#\/schema\/logo\/image\/","url":"https:\/\/lovacky.sk\/wp-content\/uploads\/2021\/02\/cropped-lovacky_logo-e1613837816496.png","contentUrl":"https:\/\/lovacky.sk\/wp-content\/uploads\/2021\/02\/cropped-lovacky_logo-e1613837816496.png","width":256,"height":100,"caption":"lovacky.sk"},"image":{"@id":"https:\/\/lovacky.sk\/#\/schema\/logo\/image\/"}},{"@type":"WebSite","@id":"https:\/\/lovacky.sk\/#website","url":"https:\/\/lovacky.sk\/","name":"lovacky.sk","description":"Voda, Plyn, Kurenie","publisher":{"@id":"https:\/\/lovacky.sk\/#organization"},"potentialAction":[{"@type":"SearchAction","target":{"@type":"EntryPoint","urlTemplate":"https:\/\/lovacky.sk\/?s={search_term_string}"},"query-input":"required name=search_term_string"}],"inLanguage":"sk-SK"},{"@type":"WebPage","@id":"https:\/\/lovacky.sk\/","url":"https:\/\/lovacky.sk\/","name":"vodar kosice, plynar kosice, kurenar kosice, voda, plyn, plynove pripojky","isPartOf":{"@id":"https:\/\/lovacky.sk\/#website"},"datePublished":"2021-02-20T14:46:46+00:00","dateModified":"2021-02-21T09:38:21+00:00","description":"Voda, plyn, kurenie, kosice, presov","breadcrumb":{"@id":"https:\/\/lovacky.sk\/#breadcrumb"},"inLanguage":"sk-SK","potentialAction":[{"@type":"ReadAction","target":["https:\/\/lovacky.sk\/"]}]},{"@type":"BreadcrumbList","@id":"https:\/\/lovacky.sk\/#breadcrumb","itemListElement":[{"@type":"ListItem","position":1,"name":"Home","item":"https:\/\/lovacky.sk\/"},{"@type":"ListItem","position":2,"name":"Domov"}]}]}},"_links":{"self":[{"href":"https:\/\/lovacky.sk\/index.php?rest_route=\/wp\/v2\/pages\/44"}],"collection":[{"href":"https:\/\/lovacky.sk\/index.php?rest_route=\/wp\/v2\/pages"}],"about":[{"href":"https:\/\/lovacky.sk\/index.php?rest_route=\/wp\/v2\/types\/page"}],"author":[{"embeddable":true,"href":"https:\/\/lovacky.sk\/index.php?rest_route=\/wp\/v2\/users\/1"}],"replies":[{"embeddable":true,"href":"https:\/\/lovacky.sk\/index.php?rest_route=%2Fwp%2Fv2%2Fcomments&post=44"}],"version-history":[{"count":6,"href":"https:\/\/lovacky.sk\/index.php?rest_route=\/wp\/v2\/pages\/44\/revisions"}],"predecessor-version":[{"id":271,"href":"https:\/\/lovacky.sk\/index.php?rest_route=\/wp\/v2\/pages\/44\/revisions\/271"}],"wp:attachment":[{"href":"https:\/\/lovacky.sk\/index.php?rest_route=%2Fwp%2Fv2%2Fmedia&parent=44"}],"curies":[{"name":"wp","href":"https:\/\/api.w.org\/{rel}","templated":true}]}}