{"id":133,"date":"2021-02-20T19:03:57","date_gmt":"2021-02-20T18:03:57","guid":{"rendered":"http:\/\/lovacky.sk\/?page_id=133"},"modified":"2022-08-08T11:17:10","modified_gmt":"2022-08-08T09:17:10","slug":"kontakt","status":"publish","type":"page","link":"https:\/\/lovacky.sk\/?page_id=133","title":{"rendered":"Kontakt"},"content":{"rendered":"\t\t<div data-elementor-type=\"wp-page\" data-elementor-id=\"133\" class=\"elementor elementor-133\">\n\t\t\t\t\t\t\t\t\t<section class=\"elementor-section elementor-top-section elementor-element elementor-element-7c969b03 elementor-section-boxed elementor-section-height-default elementor-section-height-default\" data-id=\"7c969b03\" data-element_type=\"section\">\n\t\t\t\t\t\t<div class=\"elementor-container elementor-column-gap-default\">\n\t\t\t\t\t<div class=\"elementor-column elementor-col-100 elementor-top-column elementor-element elementor-element-3d26f721\" data-id=\"3d26f721\" data-element_type=\"column\">\n\t\t\t<div class=\"elementor-widget-wrap elementor-element-populated\">\n\t\t\t\t\t\t\t\t<div class=\"elementor-element elementor-element-bfea3da elementor-view-default elementor-mobile-position-top elementor-vertical-align-top elementor-widget elementor-widget-icon-box\" data-id=\"bfea3da\" data-element_type=\"widget\" data-widget_type=\"icon-box.default\">\n\t\t\t\t<div class=\"elementor-widget-container\">\n\t\t\t\t\t<div class=\"elementor-icon-box-wrapper\">\n\t\t\t\t\t\t<div class=\"elementor-icon-box-icon\">\n\t\t\t\t<span class=\"elementor-icon elementor-animation-buzz\" >\n\t\t\t\t<i aria-hidden=\"true\" class=\"far fa-address-card\"><\/i>\t\t\t\t<\/span>\n\t\t\t<\/div>\n\t\t\t\t\t\t<div class=\"elementor-icon-box-content\">\n\t\t\t\t<h3 class=\"elementor-icon-box-title\">\n\t\t\t\t\t<span  >\n\t\t\t\t\t\tKontakt\t\t\t\t\t<\/span>\n\t\t\t\t<\/h3>\n\t\t\t\t\t\t\t<\/div>\n\t\t<\/div>\n\t\t\t\t<\/div>\n\t\t\t\t<\/div>\n\t\t\t\t<div class=\"elementor-element elementor-element-2b62585 elementor-widget elementor-widget-text-editor\" data-id=\"2b62585\" data-element_type=\"widget\" data-widget_type=\"text-editor.default\">\n\t\t\t\t<div class=\"elementor-widget-container\">\n\t\t\t\t\t\t\t<h2>Du\u0161an Lovack\u00fd &#8211; DL<\/h2>\n<p><strong>Tel.:<\/strong> 0915 914 890<\/p>\n<p><strong>email:<\/strong> <a href=\"mailto:info@lovacky.sk\">info@lovacky.sk<\/a><\/p>\n<hr \/>\n<p><strong>Adresa:<\/strong> Ko\u0161\u0165ov\u00e1 1518\/2,\u00a0<span style=\"font-family: Vollkorn, serif; font-size: 20px; font-weight: 300; color: var( --e-global-color-text );\">040 01, Ko\u0161ice<\/span><\/p>\n<p><strong>I\u010cO:<\/strong> 43081941<\/p>\n<p><strong>I\u010c DPH:<\/strong> SK1044630686<\/p>\n<p><strong>DI\u010c:<\/strong> 1044630686<\/p>\t\t\t\t\t\t<\/div>\n\t\t\t\t<\/div>\n\t\t\t\t<div class=\"elementor-element elementor-element-c52ebe6 elementor-shape-circle elementor-grid-0 e-grid-align-center elementor-widget elementor-widget-social-icons\" data-id=\"c52ebe6\" data-element_type=\"widget\" data-widget_type=\"social-icons.default\">\n\t\t\t\t<div class=\"elementor-widget-container\">\n\t\t\t\t\t<div class=\"elementor-social-icons-wrapper elementor-grid\">\n\t\t\t\t\t\t\t<span class=\"elementor-grid-item\">\n\t\t\t\t\t<a class=\"elementor-icon elementor-social-icon elementor-social-icon-facebook elementor-repeater-item-c660245\" href=\"https:\/\/www.facebook.com\/vodaplynkurenieKE\/\" target=\"_blank\">\n\t\t\t\t\t\t<span class=\"elementor-screen-only\">Facebook<\/span>\n\t\t\t\t\t\t<i class=\"fab fa-facebook\"><\/i>\t\t\t\t\t<\/a>\n\t\t\t\t<\/span>\n\t\t\t\t\t<\/div>\n\t\t\t\t<\/div>\n\t\t\t\t<\/div>\n\t\t\t\t\t<\/div>\n\t\t<\/div>\n\t\t\t\t\t\t\t<\/div>\n\t\t<\/section>\n\t\t\t\t\t\t\t<\/div>\n\t\t","protected":false},"excerpt":{"rendered":"<p>Kontakt Du\u0161an Lovack\u00fd &#8211; DL Tel.: 0915 914 890 email: info@lovacky.sk Adresa: Ko\u0161\u0165ov\u00e1 1518\/2,\u00a0040 01, Ko\u0161ice I\u010cO: 43081941 I\u010c DPH: SK1044630686 DI\u010c: 1044630686 Facebook<\/p>\n","protected":false},"author":1,"featured_media":0,"parent":0,"menu_order":0,"comment_status":"closed","ping_status":"closed","template":"","meta":{"_monsterinsights_skip_tracking":false,"_monsterinsights_sitenote_active":false,"_monsterinsights_sitenote_note":"","_monsterinsights_sitenote_category":0},"yoast_head":"<!-- This site is optimized with the Yoast SEO plugin v19.4 - https:\/\/yoast.com\/wordpress\/plugins\/seo\/ -->\n<title>Kontakt - lovacky.sk<\/title>\n<meta name=\"robots\" content=\"index, follow, max-snippet:-1, max-image-preview:large, max-video-preview:-1\" \/>\n<link rel=\"canonical\" href=\"https:\/\/lovacky.sk\/?page_id=133\" \/>\n<meta property=\"og:locale\" content=\"sk_SK\" \/>\n<meta property=\"og:type\" content=\"article\" \/>\n<meta property=\"og:title\" content=\"Kontakt - lovacky.sk\" \/>\n<meta property=\"og:description\" content=\"Kontakt Du\u0161an Lovack\u00fd &#8211; DL Tel.: 0915 914 890 email: info@lovacky.sk Adresa: Ko\u0161\u0165ov\u00e1 1518\/2,\u00a0040 01, Ko\u0161ice I\u010cO: 43081941 I\u010c DPH: SK1044630686 DI\u010c: 1044630686 Facebook\" \/>\n<meta property=\"og:url\" content=\"https:\/\/lovacky.sk\/?page_id=133\" \/>\n<meta property=\"og:site_name\" content=\"lovacky.sk\" \/>\n<meta property=\"article:modified_time\" content=\"2022-08-08T09:17:10+00:00\" \/>\n<meta name=\"twitter:card\" content=\"summary_large_image\" \/>\n<meta name=\"twitter:label1\" content=\"Predpokladan\u00fd \u010das \u010d\u00edtania\" \/>\n\t<meta name=\"twitter:data1\" content=\"1 min\u00fata\" \/>\n<script type=\"application\/ld+json\" class=\"yoast-schema-graph\">{\"@context\":\"https:\/\/schema.org\",\"@graph\":[{\"@type\":\"Organization\",\"@id\":\"https:\/\/lovacky.sk\/#organization\",\"name\":\"lovacky.sk\",\"url\":\"https:\/\/lovacky.sk\/\",\"sameAs\":[],\"logo\":{\"@type\":\"ImageObject\",\"inLanguage\":\"sk-SK\",\"@id\":\"https:\/\/lovacky.sk\/#\/schema\/logo\/image\/\",\"url\":\"https:\/\/lovacky.sk\/wp-content\/uploads\/2021\/02\/cropped-lovacky_logo-e1613837816496.png\",\"contentUrl\":\"https:\/\/lovacky.sk\/wp-content\/uploads\/2021\/02\/cropped-lovacky_logo-e1613837816496.png\",\"width\":256,\"height\":100,\"caption\":\"lovacky.sk\"},\"image\":{\"@id\":\"https:\/\/lovacky.sk\/#\/schema\/logo\/image\/\"}},{\"@type\":\"WebSite\",\"@id\":\"https:\/\/lovacky.sk\/#website\",\"url\":\"https:\/\/lovacky.sk\/\",\"name\":\"lovacky.sk\",\"description\":\"Voda, Plyn, Kurenie\",\"publisher\":{\"@id\":\"https:\/\/lovacky.sk\/#organization\"},\"potentialAction\":[{\"@type\":\"SearchAction\",\"target\":{\"@type\":\"EntryPoint\",\"urlTemplate\":\"https:\/\/lovacky.sk\/?s={search_term_string}\"},\"query-input\":\"required name=search_term_string\"}],\"inLanguage\":\"sk-SK\"},{\"@type\":\"WebPage\",\"@id\":\"https:\/\/lovacky.sk\/?page_id=133\",\"url\":\"https:\/\/lovacky.sk\/?page_id=133\",\"name\":\"Kontakt - lovacky.sk\",\"isPartOf\":{\"@id\":\"https:\/\/lovacky.sk\/#website\"},\"datePublished\":\"2021-02-20T18:03:57+00:00\",\"dateModified\":\"2022-08-08T09:17:10+00:00\",\"breadcrumb\":{\"@id\":\"https:\/\/lovacky.sk\/?page_id=133#breadcrumb\"},\"inLanguage\":\"sk-SK\",\"potentialAction\":[{\"@type\":\"ReadAction\",\"target\":[\"https:\/\/lovacky.sk\/?page_id=133\"]}]},{\"@type\":\"BreadcrumbList\",\"@id\":\"https:\/\/lovacky.sk\/?page_id=133#breadcrumb\",\"itemListElement\":[{\"@type\":\"ListItem\",\"position\":1,\"name\":\"Home\",\"item\":\"https:\/\/lovacky.sk\/\"},{\"@type\":\"ListItem\",\"position\":2,\"name\":\"Kontakt\"}]}]}<\/script>\n<!-- \/ Yoast SEO plugin. -->","yoast_head_json":{"title":"Kontakt - lovacky.sk","robots":{"index":"index","follow":"follow","max-snippet":"max-snippet:-1","max-image-preview":"max-image-preview:large","max-video-preview":"max-video-preview:-1"},"canonical":"https:\/\/lovacky.sk\/?page_id=133","og_locale":"sk_SK","og_type":"article","og_title":"Kontakt - lovacky.sk","og_description":"Kontakt Du\u0161an Lovack\u00fd &#8211; DL Tel.: 0915 914 890 email: info@lovacky.sk Adresa: Ko\u0161\u0165ov\u00e1 1518\/2,\u00a0040 01, Ko\u0161ice I\u010cO: 43081941 I\u010c DPH: SK1044630686 DI\u010c: 1044630686 Facebook","og_url":"https:\/\/lovacky.sk\/?page_id=133","og_site_name":"lovacky.sk","article_modified_time":"2022-08-08T09:17:10+00:00","twitter_card":"summary_large_image","twitter_misc":{"Predpokladan\u00fd \u010das \u010d\u00edtania":"1 min\u00fata"},"schema":{"@context":"https:\/\/schema.org","@graph":[{"@type":"Organization","@id":"https:\/\/lovacky.sk\/#organization","name":"lovacky.sk","url":"https:\/\/lovacky.sk\/","sameAs":[],"logo":{"@type":"ImageObject","inLanguage":"sk-SK","@id":"https:\/\/lovacky.sk\/#\/schema\/logo\/image\/","url":"https:\/\/lovacky.sk\/wp-content\/uploads\/2021\/02\/cropped-lovacky_logo-e1613837816496.png","contentUrl":"https:\/\/lovacky.sk\/wp-content\/uploads\/2021\/02\/cropped-lovacky_logo-e1613837816496.png","width":256,"height":100,"caption":"lovacky.sk"},"image":{"@id":"https:\/\/lovacky.sk\/#\/schema\/logo\/image\/"}},{"@type":"WebSite","@id":"https:\/\/lovacky.sk\/#website","url":"https:\/\/lovacky.sk\/","name":"lovacky.sk","description":"Voda, Plyn, Kurenie","publisher":{"@id":"https:\/\/lovacky.sk\/#organization"},"potentialAction":[{"@type":"SearchAction","target":{"@type":"EntryPoint","urlTemplate":"https:\/\/lovacky.sk\/?s={search_term_string}"},"query-input":"required name=search_term_string"}],"inLanguage":"sk-SK"},{"@type":"WebPage","@id":"https:\/\/lovacky.sk\/?page_id=133","url":"https:\/\/lovacky.sk\/?page_id=133","name":"Kontakt - lovacky.sk","isPartOf":{"@id":"https:\/\/lovacky.sk\/#website"},"datePublished":"2021-02-20T18:03:57+00:00","dateModified":"2022-08-08T09:17:10+00:00","breadcrumb":{"@id":"https:\/\/lovacky.sk\/?page_id=133#breadcrumb"},"inLanguage":"sk-SK","potentialAction":[{"@type":"ReadAction","target":["https:\/\/lovacky.sk\/?page_id=133"]}]},{"@type":"BreadcrumbList","@id":"https:\/\/lovacky.sk\/?page_id=133#breadcrumb","itemListElement":[{"@type":"ListItem","position":1,"name":"Home","item":"https:\/\/lovacky.sk\/"},{"@type":"ListItem","position":2,"name":"Kontakt"}]}]}},"_links":{"self":[{"href":"https:\/\/lovacky.sk\/index.php?rest_route=\/wp\/v2\/pages\/133"}],"collection":[{"href":"https:\/\/lovacky.sk\/index.php?rest_route=\/wp\/v2\/pages"}],"about":[{"href":"https:\/\/lovacky.sk\/index.php?rest_route=\/wp\/v2\/types\/page"}],"author":[{"embeddable":true,"href":"https:\/\/lovacky.sk\/index.php?rest_route=\/wp\/v2\/users\/1"}],"replies":[{"embeddable":true,"href":"https:\/\/lovacky.sk\/index.php?rest_route=%2Fwp%2Fv2%2Fcomments&post=133"}],"version-history":[{"count":6,"href":"https:\/\/lovacky.sk\/index.php?rest_route=\/wp\/v2\/pages\/133\/revisions"}],"predecessor-version":[{"id":339,"href":"https:\/\/lovacky.sk\/index.php?rest_route=\/wp\/v2\/pages\/133\/revisions\/339"}],"wp:attachment":[{"href":"https:\/\/lovacky.sk\/index.php?rest_route=%2Fwp%2Fv2%2Fmedia&parent=133"}],"curies":[{"name":"wp","href":"https:\/\/api.w.org\/{rel}","templated":true}]}}